{"id":74,"date":"2022-01-19T12:12:40","date_gmt":"2022-01-19T11:12:40","guid":{"rendered":"https:\/\/verbrechen.podcaster.de\/?page_id=74"},"modified":"2022-01-19T15:57:12","modified_gmt":"2022-01-19T14:57:12","slug":"impressum","status":"publish","type":"page","link":"https:\/\/verbrechen.podcaster.de\/?page_id=74","title":{"rendered":"Impressum und Datenschutz"},"content":{"rendered":"\n<p>Angaben gem\u00e4\u00df \u00a7 5 TMG<br>Stiftung Museumsdorf Cloppenburg<br>Nieders\u00e4chsisches Freilichtmuseum<br>Bether Str. 6<br>49661 Cloppenburg<br><br>Kontakt<br>Telefon: +49 (0) 447194840<br>Telefax: +49 (0) 4471948474<br>E-Mail: info@museumsdorf.de<br><\/p>\n\n\n\n<p><\/p>\n\n\n\n<p><\/p>\n\n\n\n<h3 class=\"wp-block-heading\">DATENSCHUTZ<\/h3>\n\n\n\n<p>Bei der Nutzung unserer Internetangebote werden Daten erhoben und in Datenbanken, Protokolldateien oder anderen Systemen gespeichert. Bei der Verarbeitung der erfassten Daten werden die Datenschutzvorschriften von uns eingehalten.<\/p>\n\n\n\n<p>Nutzung und Weitergabe personenbezogener Daten<\/p>\n\n\n\n<p>Wir behandeln Ihre personenbezogenen Daten vertraulich und entsprechend der gesetzlichen Datenschutzvorschriften sowie dieser Datenschutzerkl\u00e4rung. Es erfolgt keine \u00dcbermittlung Ihrer personenbezogener Daten an Dritte.<br>Die Nutzung unserer Webseite ist in der Regel ohne Angabe personenbezogener Daten m\u00f6glich. Soweit \u00fcber den angegebenen E-Mail-Kontakt personenbezogene Daten (beispielsweise Name, Anschrift oder E-Mail-Adressen) an uns gesendet werden, erfolgt dies stets auf freiwilliger Basis. Wir weisen darauf hin, dass die Daten\u00fcbertragung im Internet (z.B. bei der Kommunikation per E-Mail) Sicherheitsl\u00fccken aufweisen kann. Ein l\u00fcckenloser Schutz der Daten vor dem Zugriff durch Dritte ist nicht m\u00f6glich.<\/p>\n\n\n\n<p>Folgende Daten werden bei der Nutzung unserer Internetangebote erfasst:<\/p>\n\n\n\n<p>1. Cookies<\/p>\n\n\n\n<p>\u201eCookies\u201c sind kleine Textdateien, die auf ihrem Computer gespeichert werden. Cookies dienen dazu, unser Angebot nutzerfreundlicher, effektiver und sicherer zu machen. Diese Cookies erm\u00f6glichen es uns, Ihren Browser beim n\u00e4chsten Besuch wiederzuerkennen. Sie k\u00f6nnen Ihren Browser so einstellen, dass Sie \u00fcber das Setzen von Cookies informiert werden und Cookies nur im Einzelfall erlauben, die Annahme von Cookies f\u00fcr bestimmte F\u00e4lle oder generell ausschlie\u00dfen sowie das automatische L\u00f6schen der Cookies beim Schlie\u00dfen des Browser aktivieren. Bei der Deaktivierung von Cookies kann die Funktionalit\u00e4t dieser Website eingeschr\u00e4nkt sein.<\/p>\n\n\n\n<p>Inhalte und Dienste von Drittanbietern<\/p>\n\n\n\n<p>Auf der Internetseite &#8222;Vergessene Verbrechen des des Museumsdorfs Cloppenburg befinden sich Links zu Webseiten anderer Anbieter, wie z.B. soziale Netzwerke, Audio-Dienste und Partner. Vor der Linksetzung werden die Inhalte gepr\u00fcft. F\u00fcr die Inhalte dieser externen Seiten ist das Museumsdorf Cloppenburg aber nicht verantwortlich. Die verlinkten Seiten beinhalten eigene Datenschutzbestimmungen auf die das Museumsdorf Cloppenburg keinen Einfluss hat. Jede Verantwortung und Haftung f\u00fcr die Datenschutzbestimmungen dieser Webseiten seitens des Museumsdorf Cloppenburg ist damit ausgeschlossen<\/p>\n\n\n\n<p>Auskunftsrecht und Widerruf<\/p>\n\n\n\n<p>Sie haben jederzeit das Recht auf unentgeltliche Auskunft \u00fcber Ihre gespeicherten personenbezogenen Daten, deren Herkunft und Empf\u00e4nger und den Zweck der Datenverarbeitung sowie ein Recht auf Berichtigung, Sperrung oder L\u00f6schung dieser Daten. Hierzu sowie zu weiteren Fragen zum Thema personenbezogene Daten k\u00f6nnen Sie sich jederzeit unter der im Impressum angegebenen Adresse an uns wenden.<\/p>\n\n\n\n<p>\u00c4nderung der Datenschutzerkl\u00e4rung<\/p>\n\n\n\n<p>Das Museumsdorf Cloppenburg beh\u00e4lt sich vor, die Datenschutzrichtlinien entsprechend der technischen Weiterentwicklung und ver\u00e4nderter gesetzlicher Rahmenbedingungen zu ver\u00e4ndern. Den jeweiligen Stand dieser Datenschutzerkl\u00e4rung finden Sie am Ende der Erkl\u00e4rung.<\/p>\n\n\n\n<p>Datenschutzerkl\u00e4rung: Stand Mai 2018<\/p>\n","protected":false},"excerpt":{"rendered":"<p>Angaben gem\u00e4\u00df \u00a7 5 TMGStiftung Museumsdorf CloppenburgNieders\u00e4chsisches FreilichtmuseumBether Str. 649661 Cloppenburg KontaktTelefon: +49 (0) 447194840Telefax: +49 (0) 4471948474E-Mail: info@museumsdorf.de DATENSCHUTZ Bei der Nutzung unserer Internetangebote werden Daten erhoben und in Datenbanken, Protokolldateien oder anderen Systemen gespeichert. Bei der Verarbeitung der &hellip; <a href=\"https:\/\/verbrechen.podcaster.de\/?page_id=74\">Weiterlesen <span class=\"meta-nav\">&rarr;<\/span><\/a><\/p>\n","protected":false},"author":13111,"featured_media":0,"parent":0,"menu_order":0,"comment_status":"closed","ping_status":"closed","template":"","meta":{"enclosure":"","podcast_author":"","podcast_copyright":"","podcast_website":"","podcast_logo":"","footnotes":""},"class_list":["post-74","page","type-page","status-publish","hentry"],"_links":{"self":[{"href":"https:\/\/verbrechen.podcaster.de\/index.php?rest_route=\/wp\/v2\/pages\/74","targetHints":{"allow":["GET"]}}],"collection":[{"href":"https:\/\/verbrechen.podcaster.de\/index.php?rest_route=\/wp\/v2\/pages"}],"about":[{"href":"https:\/\/verbrechen.podcaster.de\/index.php?rest_route=\/wp\/v2\/types\/page"}],"author":[{"embeddable":true,"href":"https:\/\/verbrechen.podcaster.de\/index.php?rest_route=\/wp\/v2\/users\/13111"}],"replies":[{"embeddable":true,"href":"https:\/\/verbrechen.podcaster.de\/index.php?rest_route=%2Fwp%2Fv2%2Fcomments&post=74"}],"version-history":[{"count":4,"href":"https:\/\/verbrechen.podcaster.de\/index.php?rest_route=\/wp\/v2\/pages\/74\/revisions"}],"predecessor-version":[{"id":108,"href":"https:\/\/verbrechen.podcaster.de\/index.php?rest_route=\/wp\/v2\/pages\/74\/revisions\/108"}],"wp:attachment":[{"href":"https:\/\/verbrechen.podcaster.de\/index.php?rest_route=%2Fwp%2Fv2%2Fmedia&parent=74"}],"curies":[{"name":"wp","href":"https:\/\/api.w.org\/{rel}","templated":true}]}}