{"id":71,"date":"2022-01-19T12:12:40","date_gmt":"2022-01-19T11:12:40","guid":{"rendered":"https:\/\/verbrechen.podcaster.de\/?page_id=71"},"modified":"2022-02-15T16:08:36","modified_gmt":"2022-02-15T15:08:36","slug":"wer-wir-sind","status":"publish","type":"page","link":"https:\/\/verbrechen.podcaster.de\/?page_id=71","title":{"rendered":"Wer wir sind"},"content":{"rendered":"\n<p><strong>Prof. Dr. Christine Vogel<\/strong><br>Europ\u00e4ische Geschichte vom 17. bis zum 19. Jahrhundert<\/p>\n\n\n\n<div class=\"wp-block-media-text alignwide is-stacked-on-mobile\" style=\"grid-template-columns:32% auto\"><figure class=\"wp-block-media-text__media\"><img loading=\"lazy\" decoding=\"async\" width=\"769\" height=\"1024\" src=\"https:\/\/verbrechen.podcaster.de\/files\/2022\/02\/IMG_4050-1-769x1024.jpeg\" alt=\"\" class=\"wp-image-187 size-full\" srcset=\"https:\/\/verbrechen.podcaster.de\/files\/2022\/02\/IMG_4050-1-769x1024.jpeg 769w, https:\/\/verbrechen.podcaster.de\/files\/2022\/02\/IMG_4050-1-225x300.jpeg 225w, https:\/\/verbrechen.podcaster.de\/files\/2022\/02\/IMG_4050-1-768x1022.jpeg 768w, https:\/\/verbrechen.podcaster.de\/files\/2022\/02\/IMG_4050-1-1154x1536.jpeg 1154w, https:\/\/verbrechen.podcaster.de\/files\/2022\/02\/IMG_4050-1-1539x2048.jpeg 1539w, https:\/\/verbrechen.podcaster.de\/files\/2022\/02\/IMG_4050-1-scaled.jpeg 1923w\" sizes=\"auto, (max-width: 769px) 100vw, 769px\" \/><\/figure><div class=\"wp-block-media-text__content\">\n<p class=\"has-normal-font-size\">Christine Vogel ist Historikerin und Professorin an der Uni Vechta. Sie besch\u00e4ftigt sich vor allem mit der europ\u00e4ischen Geschichte vom 17. bis zum 19. Jahrhundert und interessiert sich besonders f\u00fcr die Rolle der Medien in der Geschichte und f\u00fcr den Umgang historischer Gesellschaften mit dem \u201eAnderen\u201c und dem \u201eFremden\u201c \u2013 seien es fremde Kulturen und andere politische Systeme (interkulturelle diplomatische Praxis) oder auch Menschen mit \u201eanderen\u201c Verhaltensweisen: Abweichungen von der Norm. Im Archiv begibt sie sich regelm\u00e4\u00dfig auf Spurensuche\u2026<\/p>\n<\/div><\/div>\n\n\n\n<p>\u2026und findet unter anderem historische Verbrechen!<\/p>\n\n\n\n<p><strong>Lukas Aufgebauer, M.A.<\/strong><br>Leiter der Museumsp\u00e4dagogischen Abteilung im Museumsdorf Cloppenburg<\/p>\n\n\n\n<div class=\"wp-block-media-text alignwide is-stacked-on-mobile\" style=\"grid-template-columns:32% auto\"><figure class=\"wp-block-media-text__media\"><img loading=\"lazy\" decoding=\"async\" width=\"425\" height=\"567\" src=\"https:\/\/verbrechen.podcaster.de\/files\/2022\/02\/Lukas.jpg\" alt=\"\" class=\"wp-image-188 size-full\" srcset=\"https:\/\/verbrechen.podcaster.de\/files\/2022\/02\/Lukas.jpg 425w, https:\/\/verbrechen.podcaster.de\/files\/2022\/02\/Lukas-225x300.jpg 225w\" sizes=\"auto, (max-width: 425px) 100vw, 425px\" \/><\/figure><div class=\"wp-block-media-text__content\">\n<p class=\"has-normal-font-size\">Lukas Aufgebauer ist Kulturhistoriker und Museumsp\u00e4dagoge. Er hat Neuere und Neueste Geschichte, Germanistik und Kunst auf Magister studiert und nebenher bereits seit 2001 in verschiedenen Museen und Galerien gearbeitet. 2008-2012 war er wissenschaftlicher Mitarbeiter in der Geschichtsdidaktik der Uni Vechta und leitet seit 2015 den Bereich Bildung und Vermittlung (Museumsp\u00e4dagogische Abteilung) im Museumsdorf Cloppenburg&#8230;<\/p>\n<\/div><\/div>\n\n\n\n<p>&#8230;und freut sich diebisch \u00fcber die Mail-Adresse <a href=\"mailto:verbrechen@museumsdorf.de\">verbrechen@museumsdorf.de<\/a>!<\/p>\n\n\n\n<p><\/p>\n\n\n\n<p><\/p>\n\n\n\n<h2 class=\"wp-block-heading\">Die Studierendengruppe AG Kriminalit\u00e4t und ihre F\u00e4lle:<\/h2>\n\n\n\n<p><strong>Carolin B\u00f6ckmann<\/strong> \u2013 Absolut und simplizit!<\/p>\n\n\n\n<p><strong>Niwrosch Chaker<\/strong> \u2013 Misshandlung eines Israeliten<\/p>\n\n\n\n<p><strong>Lisa Holst<\/strong> \u2013 Im Zweifel f\u00fcr den Angeklagten oder der Versuch, einen hitzk\u00f6pfigen Sattlermeister in Schach zu halten<\/p>\n\n\n\n<p><strong>Lynn Pia M\u00fchlmeister<\/strong> \u2013 Arsen und Pannkooken<\/p>\n\n\n\n<p><strong>David Schober <\/strong>\u2013 Eine Frage der Ehre. 23-J\u00e4hriger schl\u00e4gt 61-J\u00e4hrigen halb tot<\/p>\n\n\n\n<p><strong>Alexander Stohs<\/strong> \u2013 Die wohlverwahrten Beinkleider<\/p>\n\n\n\n<p><\/p>\n\n\n\n<p><\/p>\n\n\n\n<h2 class=\"wp-block-heading\">Tolle Helfer:<\/h2>\n\n\n\n<p>Transkribierung \/ Projektarbeit: <strong>Sophie Gro\u00dfe<\/strong><\/p>\n\n\n\n<p>Technische Unterst\u00fctzung \/ Tonschnitt: <strong>Alex Stein<\/strong><\/p>\n\n\n\n<p>Transkribierung \/ Unterst\u00fctzung der Studierenden: <strong>Dr. Herbert Bock<\/strong><\/p>\n\n\n\n<p>Unterst\u00fctzende Sprecher: <strong>Torben Volkmann, Julia Wichmann, Dr. Eike Lossin<\/strong><\/p>\n\n\n\n<p>Forschungen zur Familiengeschichte Hoffmann: <strong>Prof. Dr. Gerd Hoffmann<\/strong><\/p>\n\n\n\n<p>Praktikant: <strong>Patrick H\u00f6mmen<\/strong><\/p>\n","protected":false},"excerpt":{"rendered":"<p>Prof. Dr. Christine VogelEurop\u00e4ische Geschichte vom 17. bis zum 19. Jahrhundert Christine Vogel ist Historikerin und Professorin an der Uni Vechta. Sie besch\u00e4ftigt sich vor allem mit der europ\u00e4ischen Geschichte vom 17. bis zum 19. Jahrhundert und interessiert sich besonders &hellip; <a href=\"https:\/\/verbrechen.podcaster.de\/?page_id=71\">Weiterlesen <span class=\"meta-nav\">&rarr;<\/span><\/a><\/p>\n","protected":false},"author":13111,"featured_media":0,"parent":0,"menu_order":0,"comment_status":"closed","ping_status":"closed","template":"","meta":{"enclosure":"","podcast_author":"","podcast_copyright":"","podcast_website":"","podcast_logo":"","footnotes":""},"class_list":["post-71","page","type-page","status-publish","hentry"],"_links":{"self":[{"href":"https:\/\/verbrechen.podcaster.de\/index.php?rest_route=\/wp\/v2\/pages\/71","targetHints":{"allow":["GET"]}}],"collection":[{"href":"https:\/\/verbrechen.podcaster.de\/index.php?rest_route=\/wp\/v2\/pages"}],"about":[{"href":"https:\/\/verbrechen.podcaster.de\/index.php?rest_route=\/wp\/v2\/types\/page"}],"author":[{"embeddable":true,"href":"https:\/\/verbrechen.podcaster.de\/index.php?rest_route=\/wp\/v2\/users\/13111"}],"replies":[{"embeddable":true,"href":"https:\/\/verbrechen.podcaster.de\/index.php?rest_route=%2Fwp%2Fv2%2Fcomments&post=71"}],"version-history":[{"count":12,"href":"https:\/\/verbrechen.podcaster.de\/index.php?rest_route=\/wp\/v2\/pages\/71\/revisions"}],"predecessor-version":[{"id":189,"href":"https:\/\/verbrechen.podcaster.de\/index.php?rest_route=\/wp\/v2\/pages\/71\/revisions\/189"}],"wp:attachment":[{"href":"https:\/\/verbrechen.podcaster.de\/index.php?rest_route=%2Fwp%2Fv2%2Fmedia&parent=71"}],"curies":[{"name":"wp","href":"https:\/\/api.w.org\/{rel}","templated":true}]}}