{"id":69,"date":"2022-01-19T12:12:40","date_gmt":"2022-01-19T11:12:40","guid":{"rendered":"https:\/\/verbrechen.podcaster.de\/?page_id=69"},"modified":"2022-01-21T11:36:01","modified_gmt":"2022-01-21T10:36:01","slug":"das-projekt","status":"publish","type":"page","link":"https:\/\/verbrechen.podcaster.de\/?page_id=69","title":{"rendered":"Das Projekt"},"content":{"rendered":"\n<p><\/p>\n\n\n\n<blockquote class=\"wp-block-quote is-layout-flow wp-block-quote-is-layout-flow\"><p><span style=\"color:#c60003\" class=\"has-inline-color\">Das Eis der Zivilisation ist d\u00fcnn. Oft gen\u00fcgen sogenannte Kleinigkeiten, damit es bricht \u2013 und das kann schneller gehen, als man denkt und Kr\u00e4fte und Verhalten freisetzen, von denen niemand geglaubt h\u00e4tte, dass man selber dazu f\u00e4hig w\u00e4re. Diese Erfahrung haben alle Menschen gemacht, von denen wir hier erz\u00e4hlen \u2013 denn all diese Geschichten sind wirklich passiert.<\/span><\/p><p>Frei nach: Nedopil, Norbert: Jeder Mensch hat seinen Abgrund: Spurensuche in der Seele von Verbrechern. M\u00fcnchen 2016, S. 300<\/p><\/blockquote>\n\n\n\n<p><strong>Die Idee<\/strong><br>Das Projekt &#8222;Vergessene Verbrechen&#8220; ist aus einem Seminar entstanden, das Christine Vogel 2019\/20 an der Universit\u00e4t Vechta angeboten hat. Das Museumsdorf Cloppenburg war als Kooperationspartner mit im Boot, denn aus den wissenschaftlich erarbeiteten Inhalten sollte etwas Handfestes, Didaktisches entstehen &#8211; und dabei sollte ich die Studierenden unterst\u00fctzen. Im Vorfeld hatten wir uns bereits f\u00fcr die Thematik &#8222;Verbrechen&#8220; entschieden. Dabei waren wir nach kurzem Austausch \u00fcber m\u00f6gliche Vermittlungsformen schnell von der Idee eines Radwanderf\u00fchrers zu Pl\u00e4tzen historischer Verbrechen abger\u00fcckt &#8211; einen Podcast fanden wir beide viel reizvoller.<\/p>\n\n\n\n<p><strong>Die Quellen<\/strong><br>Im Nieders\u00e4chsischen Landesarchiv Abteilung Oldenburg lagern zahllose alte Gerichts- und Polizeiakten, sodass die Auswahl nicht ganz leicht war. Christine Vogel sichtete vorab m\u00f6gliches Material, w\u00e4hlte einiges aus und lie\u00df dann die Studierenden entscheiden, welche F\u00e4lle sie bearbeiten wollten. Die Gruppe hat sich dann monatelang gemeinsam mit Christine Vogel durch die alten Akten gearbeitet. Sie haben die Handschriften entziffert und transkribiert, Hintergr\u00fcnde recherchiert und so die F\u00e4lle St\u00fcck f\u00fcr St\u00fcck rekonstruiert \u2013 und aus dieser wissenschaftlichen Arbeit haben wir dann gemeinsam insgesamt 7 True-Crime-Storys gemacht, die es wirklich in sich haben.<\/p>\n\n\n\n<p><strong>Die Geschichte(n)<\/strong><br>Hinter den einzelnen F\u00e4llen stehen echte Menschen und ihre Schicksale. Es sind wahre Begebenheiten, die wir eng an den Quellen nacherz\u00e4hlen. Allerdings m\u00f6chten wir die Geschichten nicht nur \u201enett erz\u00e4hlen\u201c &#8211; nein, wir m\u00f6chten euch mehr als nur eine sch\u00f6ne Geschichte bieten. Die Welt vor 1900 ist in vielerlei Hinsicht fremdartig f\u00fcr die meisten von uns, und je weiter wir zur\u00fcckgehen, hinter die Reichsgr\u00fcndung, hinter die Bauernbefreiung, hinein in die Zeit Napoleons oder noch weiter in die Zeit vor der Franz\u00f6sischen Revolution, desto fremdartiger wird vieles vermutlich wirken.<\/p>\n\n\n\n<p><strong>Der Anspruch<\/strong><br>Deshalb haben wir uns dazu entschieden, in jeder Folge zuerst die eigentliche Geschichte zu erz\u00e4hlen. Danach werden Christine Vogel und ich die interessantesten oder schwerer verst\u00e4ndlichen Punkte gemeinsam erkl\u00e4ren. Hinter unserem Projekt steht immerhin ein wissenschaftlicher Anspruch, und dem m\u00f6chten wir mit diesen erkl\u00e4renden Gespr\u00e4chen auch ein wenig gerecht werden. Wer sich also nur f\u00fcr die eigentlichen F\u00e4lle interessiert, kann nach der Geschichte getrost abschalten. Aber dranbleiben lohnt sich nat\u00fcrlich trotzdem immer, denn die Vergangenheit ist spannender, als ihr vielleicht denkt.<\/p>\n\n\n\n<p><strong>Und das gibt es nur bei uns<\/strong>:<br>History True Crime Geschichten, die nicht aus B\u00fcchern nacherz\u00e4hlt werden, sondern direkt und oft w\u00f6rtlich aus den originalen Quellen, also den Akten und Briefen, Gnadengesuchen und Protokollen. Spannend und unmittelbar, dadurch in hohem Grade authentisch und wissenschaftlich korrekt, auch, wenn wir uns ganz bewusst erz\u00e4hlerische Ausschm\u00fcckungen erlauben &#8211; alle Erg\u00e4nzungen, Beschreibungen und Wertungen sind triftig und wohl\u00fcberlegt. Wir haben keine M\u00fchen gescheut, die Hintergr\u00fcnde und Details zu recherchieren, um die Menschen und ihre Schicksale so klar und anschaulich wie m\u00f6glich darzustellen.<\/p>\n\n\n\n<p>Da k\u00f6nnen wir alle nur hoffen, dass es euch gef\u00e4llt &#8211; wir haben jedenfalls viel Spa\u00df dabei und hoffen, dass sich das auf euch \u00fcbertr\u00e4gt und ihr hinterher sagt:<\/p>\n\n\n\n<p>&#8222;Vergessene Verbrechen &#8211; wild. Die Geschichten werd&#8216; ich nie vergessen!&#8220; Oder so.<\/p>\n","protected":false},"excerpt":{"rendered":"<p>Das Eis der Zivilisation ist d\u00fcnn. Oft gen\u00fcgen sogenannte Kleinigkeiten, damit es bricht \u2013 und das kann schneller gehen, als man denkt und Kr\u00e4fte und Verhalten freisetzen, von denen niemand geglaubt h\u00e4tte, dass man selber dazu f\u00e4hig w\u00e4re. Diese Erfahrung &hellip; <a href=\"https:\/\/verbrechen.podcaster.de\/?page_id=69\">Weiterlesen <span class=\"meta-nav\">&rarr;<\/span><\/a><\/p>\n","protected":false},"author":13111,"featured_media":0,"parent":0,"menu_order":0,"comment_status":"closed","ping_status":"closed","template":"","meta":{"enclosure":"","podcast_author":"","podcast_copyright":"","podcast_website":"","podcast_logo":"","footnotes":""},"class_list":["post-69","page","type-page","status-publish","hentry"],"_links":{"self":[{"href":"https:\/\/verbrechen.podcaster.de\/index.php?rest_route=\/wp\/v2\/pages\/69","targetHints":{"allow":["GET"]}}],"collection":[{"href":"https:\/\/verbrechen.podcaster.de\/index.php?rest_route=\/wp\/v2\/pages"}],"about":[{"href":"https:\/\/verbrechen.podcaster.de\/index.php?rest_route=\/wp\/v2\/types\/page"}],"author":[{"embeddable":true,"href":"https:\/\/verbrechen.podcaster.de\/index.php?rest_route=\/wp\/v2\/users\/13111"}],"replies":[{"embeddable":true,"href":"https:\/\/verbrechen.podcaster.de\/index.php?rest_route=%2Fwp%2Fv2%2Fcomments&post=69"}],"version-history":[{"count":7,"href":"https:\/\/verbrechen.podcaster.de\/index.php?rest_route=\/wp\/v2\/pages\/69\/revisions"}],"predecessor-version":[{"id":130,"href":"https:\/\/verbrechen.podcaster.de\/index.php?rest_route=\/wp\/v2\/pages\/69\/revisions\/130"}],"wp:attachment":[{"href":"https:\/\/verbrechen.podcaster.de\/index.php?rest_route=%2Fwp%2Fv2%2Fmedia&parent=69"}],"curies":[{"name":"wp","href":"https:\/\/api.w.org\/{rel}","templated":true}]}}