{"id":289,"date":"2024-04-26T10:27:55","date_gmt":"2024-04-26T08:27:55","guid":{"rendered":"https:\/\/verbrechen.podcaster.de\/?page_id=289"},"modified":"2024-04-26T11:47:43","modified_gmt":"2024-04-26T09:47:43","slug":"staffel-2-uebersicht","status":"publish","type":"page","link":"https:\/\/verbrechen.podcaster.de\/?page_id=289","title":{"rendered":"Staffel 2 &#8211; \u00dcbersicht"},"content":{"rendered":"\n<h2 class=\"wp-block-heading\">Ein &#8222;liederliches Frauenzimmer&#8220;? <br>Das tragische Leben der Henriette Harre<\/h2>\n\n\n\n<p>Diesmal h\u00f6rt ihr keine einzelnen Geschichten. Diese Staffel erz\u00e4hlt die Lebensgeschichte einer v\u00f6llig unbekannten Kleinkriminellen aus der Gemeinde <a href=\"http:\/\/www.dinklage.de\">Dinklage<\/a> im heutigen Landkreis Vechta. Wir werden die bemerkenswerte und tragische Lebensgeschichte dieser Frau Folge f\u00fcr Folge vor euch ausbreiten &#8211; und wer denkt, dass das nicht interessant und spannend sein kann, darf sich gerne eines Besseren belehren lassen. Es gibt leider nur sehr, sehr wenig biografische Forschungen zur l\u00e4ndlichen Unterschicht unserer Region und wir m\u00f6chten diese L\u00fccke mit unserer Geschichte ein klein wenig f\u00fcllen. Seid also gespannt darauf, wie es Henriette Harre aus Dinklage in ihrem Leben ergeht!<\/p>\n\n\n\n<p>Die Folgen werden ab Mitte August 2024 alle zwei Wochen jeweils Montags um 6 Uhr morgens ver\u00f6ffentlicht. Ihr k\u00f6nnt sie also auch beim Start in die Woche und auf dem Weg zur Arbeit bereits ganz frisch h\u00f6ren!<\/p>\n\n\n\n<p>Da wir leider noch an den drei letzten Folgen arbeiten, k\u00f6nnen wir noch nicht genau sagen, wie viele es genau werden. Wir sch\u00e4tzen aber, dass nach zehn Folgen Schluss ist &#8211; das sieht jedenfalls unser Plan vor.<\/p>\n\n\n\n<p>Folgende Geschichten werdet ihr voraussichtlich in Staffel 2 zu Ohren bekommen:<\/p>\n\n\n\n<p><strong>Einf\u00fchrung<\/strong><br>Ihr bekommt einen kurzen \u00dcberblick dar\u00fcber, worum es in dieser Staffel geht. Wir erkl\u00e4ren, warum wir uns f\u00fcr diese Geschichte entschieden haben und was daran so besonders ist.<\/p>\n\n\n\n<p><strong>Folge 1: Die Mutter<\/strong><br>Kaum jemand kennt diese Episode aus Dinklages Geschichte: 1795 ist das ganze Kirchspiel von hessischen Dragonern besetzt, die sich dort f\u00fcr ein halbes Jahr aufhalten. So eine Quartiernahme war kein Pappenstiel: Gewalt, Nahrungsknappheit, \u00dcbergriffigkeiten &#8211; die Dinklager machten einiges mit. Und das hat Folgen, wie wir sehen werden.<\/p>\n\n\n\n<p><strong>Folge 2: Das Kind<\/strong><br>Allein wegen der Umst\u00e4nde ihrer Geburt im Juni 1824 ist Henriette Harre bereits etwas &#8222;anders als die anderen Kinder&#8220;. Was das f\u00fcr Auswirkungen auf ihre Kindheit in Dinklage hat und wie man mit verhaltensauff\u00e4lligen Kindern aus sozial schwachen Verh\u00e4ltnissen im Jahr 1835 umgeht, h\u00f6rt ihr hier.<\/p>\n\n\n\n<p><strong>Folge 3: Die Dinklagerin<\/strong><br>Was soll Henriette noch in Dinklage? Hier will sie niemand, sie ist eine krasse Au\u00dfenseiterin. Also trifft sie eine schwerwiegende Entscheidung: Sie verl\u00e4sst irgendwann um 1848 herum unerlaubt den Ort und sucht als illegale Vagantin ein fragw\u00fcrdiges Heil in der Fremde.<\/p>\n\n\n\n<p><strong>Folge 4: Henriette<\/strong><br>Wer war Henriette Harre eigentlich? Wie sah sie aus? Und was hat ihr Aussehen f\u00fcr Auswirkungen gehabt? Wir beleuchten in dieser &#8222;Zwischenfolge&#8220; ihren sozialen Status, gesellschaftliche Vorstellungen und Zw\u00e4nge sowie Henriettes Wirkung auf und ihr Umgang mit diesen Umst\u00e4nden.<\/p>\n\n\n\n<p><strong>Folge 5: In Oldenburg<\/strong><br>1852: Es hilft nichts &#8211; sie muss nach Dinklage zur\u00fcck. Wir erleben sie vor Gericht, lernen in dieser Folge das Land kennen, erz\u00e4hlen, wie S\u00fcdoldenburg um 1850 aussieht und begleiten sie danach auf der beschwerlichen \u00dcberf\u00fchrung zur\u00fcck in ihren Heimatort.<\/p>\n\n\n\n<p><strong>Folge 6: Das Erbe der Mutter<\/strong><br>Nun erkl\u00e4rt sich vieles. Wir l\u00fcften das Geheimnis darum, was Henriette von ihrer Mutter &#8222;geerbt&#8220; hat und besprechen ausf\u00fchrlich, wieso dieses &#8222;Erbe&#8220; Henriettes Leben von der ersten bis zur letzten Sekunde ma\u00dfgeblich gepr\u00e4gt hat. Das ist nichts f\u00fcr schwache Nerven, finden wir &#8230;<\/p>\n\n\n\n<p><strong>Folge 7: Die Diebin<\/strong><br>Henriette ist zur\u00fcck in Dinklage. Hier will sie immer noch niemand, und sie will auch nicht hier sein. Aber aus dieser Situation gibt es kein Entkommen und so arrangiert sich Henriette damit &#8211; auf ihre ganz eigene, schwer nachvollziehbare Art.<\/p>\n\n\n\n<p>Folge 8: Das Arbeitshaus (noch in Arbeit)<br>Es reicht, das Ma\u00df ist voll. Und so muss Henriette 1854 in das ber\u00fcchtigte und gef\u00fcrchtete Zwangs-Arbeitshaus nach Vechta. Was sie dort erlebt und was sie nach ihrer Entlassung noch so anstellt, erz\u00e4hlen wir in dieser Folge.<\/p>\n\n\n\n<p>Folge 9: Der omin\u00f6se Herr Schl\u00fcter (in Vorbereitung)<br>Wie f\u00fcllt man Leerstellen in einer historischen Biografie? Es sind beinahe zehn Jahre in Henriettes Leben, \u00fcber die wir so gut wie gar nichts wissen. Doch es gibt Hinweise &#8211; und einen bemerkenswerten Brief, den Henriette als alte Frau diktiert hat. Was k\u00f6nnen wir also rekonstruieren? Ihr erlebt eine echte Detektivarbeit, die uns <em>wirklich<\/em> gefordert hat.<\/p>\n\n\n\n<p>Folge 10: Klopfen an der Himmelsthuer (in Vorbereitung)<br>So ausf\u00fchrlich ihre jungen Jahre dokumentiert sind, so wenig wissen wir \u00fcber ihr Alter. Ein zuf\u00e4lliger Aktenfund erhellt immerhin einiges, sodass wir wissen, wo und wann Henriette Harre starb.<\/p>\n\n\n\n<ol class=\"wp-block-list\"><\/ol>\n","protected":false},"excerpt":{"rendered":"<p>Ein &#8222;liederliches Frauenzimmer&#8220;? Das tragische Leben der Henriette Harre Diesmal h\u00f6rt ihr keine einzelnen Geschichten. Diese Staffel erz\u00e4hlt die Lebensgeschichte einer v\u00f6llig unbekannten Kleinkriminellen aus der Gemeinde Dinklage im heutigen Landkreis Vechta. Wir werden die bemerkenswerte und tragische Lebensgeschichte dieser &hellip; <a href=\"https:\/\/verbrechen.podcaster.de\/?page_id=289\">Weiterlesen <span class=\"meta-nav\">&rarr;<\/span><\/a><\/p>\n","protected":false},"author":13111,"featured_media":0,"parent":263,"menu_order":0,"comment_status":"closed","ping_status":"closed","template":"","meta":{"enclosure":"","podcast_author":"","podcast_copyright":"","podcast_website":"","podcast_logo":"","footnotes":""},"class_list":["post-289","page","type-page","status-publish","hentry"],"_links":{"self":[{"href":"https:\/\/verbrechen.podcaster.de\/index.php?rest_route=\/wp\/v2\/pages\/289","targetHints":{"allow":["GET"]}}],"collection":[{"href":"https:\/\/verbrechen.podcaster.de\/index.php?rest_route=\/wp\/v2\/pages"}],"about":[{"href":"https:\/\/verbrechen.podcaster.de\/index.php?rest_route=\/wp\/v2\/types\/page"}],"author":[{"embeddable":true,"href":"https:\/\/verbrechen.podcaster.de\/index.php?rest_route=\/wp\/v2\/users\/13111"}],"replies":[{"embeddable":true,"href":"https:\/\/verbrechen.podcaster.de\/index.php?rest_route=%2Fwp%2Fv2%2Fcomments&post=289"}],"version-history":[{"count":11,"href":"https:\/\/verbrechen.podcaster.de\/index.php?rest_route=\/wp\/v2\/pages\/289\/revisions"}],"predecessor-version":[{"id":303,"href":"https:\/\/verbrechen.podcaster.de\/index.php?rest_route=\/wp\/v2\/pages\/289\/revisions\/303"}],"up":[{"embeddable":true,"href":"https:\/\/verbrechen.podcaster.de\/index.php?rest_route=\/wp\/v2\/pages\/263"}],"wp:attachment":[{"href":"https:\/\/verbrechen.podcaster.de\/index.php?rest_route=%2Fwp%2Fv2%2Fmedia&parent=289"}],"curies":[{"name":"wp","href":"https:\/\/api.w.org\/{rel}","templated":true}]}}