{"id":263,"date":"2024-04-26T09:16:40","date_gmt":"2024-04-26T07:16:40","guid":{"rendered":"https:\/\/verbrechen.podcaster.de\/?page_id=263"},"modified":"2024-04-26T10:17:27","modified_gmt":"2024-04-26T08:17:27","slug":"staffeln-uebersicht","status":"publish","type":"page","link":"https:\/\/verbrechen.podcaster.de\/?page_id=263","title":{"rendered":"Staffeln: \u00dcbersicht"},"content":{"rendered":"\n<p>Seit Mai 2024 l\u00e4uft unsere zweite Staffel. Wir hatten eigentlich bereits viel fr\u00fcher weitere Folgen geplant, aber das hat leider aus ganz vielen Gr\u00fcnden nicht geklappt. Aber aufgeschoben ist nicht aufgehoben, denn es sind bereits Entw\u00fcrfe f\u00fcr zwei gro\u00dfartige Geschichten entstanden, die wir unbedingt noch fertig machen m\u00f6chten. Leider m\u00fcssen wir daher eine Geschichte vorziehen, die f\u00fcr einen sp\u00e4teren Zeitpunkt geplant war. Daher wissen wir am Beginn dieser zweiten Staffel noch nicht, wie viele Folgen genau sie haben wird. &#8222;On the fly&#8220; &#8211; also spontan oder ad hoc k\u00f6nnte man zu unserer Produktion sagen. Na, lassen wir uns alle mal gemeinsam \u00fcberraschen, was dabei herauskommt!<\/p>\n\n\n\n<p>Wer unsere erste Staffel durchh\u00f6ren m\u00f6chte und noch ein paar Infos oder die Staffel-\u00dcbersicht lesen m\u00f6chte, kann das hier tun:<\/p>\n\n\n\n<p><a href=\"https:\/\/verbrechen.podcaster.de\/?page_id=72\" data-type=\"page\" data-id=\"72\">Staffel 1 &#8211; \u00dcbersicht<\/a><\/p>\n","protected":false},"excerpt":{"rendered":"<p>Seit Mai 2024 l\u00e4uft unsere zweite Staffel. Wir hatten eigentlich bereits viel fr\u00fcher weitere Folgen geplant, aber das hat leider aus ganz vielen Gr\u00fcnden nicht geklappt. Aber aufgeschoben ist nicht aufgehoben, denn es sind bereits Entw\u00fcrfe f\u00fcr zwei gro\u00dfartige Geschichten &hellip; <a href=\"https:\/\/verbrechen.podcaster.de\/?page_id=263\">Weiterlesen <span class=\"meta-nav\">&rarr;<\/span><\/a><\/p>\n","protected":false},"author":13111,"featured_media":0,"parent":0,"menu_order":0,"comment_status":"closed","ping_status":"closed","template":"","meta":{"enclosure":"","podcast_author":"","podcast_copyright":"","podcast_website":"","podcast_logo":"","footnotes":""},"class_list":["post-263","page","type-page","status-publish","hentry"],"_links":{"self":[{"href":"https:\/\/verbrechen.podcaster.de\/index.php?rest_route=\/wp\/v2\/pages\/263","targetHints":{"allow":["GET"]}}],"collection":[{"href":"https:\/\/verbrechen.podcaster.de\/index.php?rest_route=\/wp\/v2\/pages"}],"about":[{"href":"https:\/\/verbrechen.podcaster.de\/index.php?rest_route=\/wp\/v2\/types\/page"}],"author":[{"embeddable":true,"href":"https:\/\/verbrechen.podcaster.de\/index.php?rest_route=\/wp\/v2\/users\/13111"}],"replies":[{"embeddable":true,"href":"https:\/\/verbrechen.podcaster.de\/index.php?rest_route=%2Fwp%2Fv2%2Fcomments&post=263"}],"version-history":[{"count":4,"href":"https:\/\/verbrechen.podcaster.de\/index.php?rest_route=\/wp\/v2\/pages\/263\/revisions"}],"predecessor-version":[{"id":287,"href":"https:\/\/verbrechen.podcaster.de\/index.php?rest_route=\/wp\/v2\/pages\/263\/revisions\/287"}],"wp:attachment":[{"href":"https:\/\/verbrechen.podcaster.de\/index.php?rest_route=%2Fwp%2Fv2%2Fmedia&parent=263"}],"curies":[{"name":"wp","href":"https:\/\/api.w.org\/{rel}","templated":true}]}}